{"id":18,"date":"2017-06-03T00:37:41","date_gmt":"2017-06-02T21:37:41","guid":{"rendered":"http:\/\/www.ilahialanya.com\/?page_id=18"},"modified":"2017-07-24T13:37:42","modified_gmt":"2017-07-24T10:37:42","slug":"hakkimizda","status":"publish","type":"page","link":"https:\/\/www.ilahialanya.com\/index.php\/hakkimizda\/","title":{"rendered":"Hakk\u0131m\u0131zda"},"content":{"rendered":"<p>Ba\u015f\u0131ndan s\u00f6yleyelim. \u0130lahi Alanya bir <strong>mizah<\/strong> yay\u0131n kanal\u0131d\u0131r. Buradaki yaz\u0131lar ger\u00e7ek olay ve ki\u015filerden ilham alsa da hi\u00e7biri ger\u00e7ek de\u011fildir. Amac\u0131m\u0131z\u00a0kimseyi k\u0131rmak de\u011fil. Bilakis g\u00fczel beldemizde icra edilen ticari faliyetlerde ve \u015fehirin g\u00fcnl\u00fck hayat\u0131nda \u00f6ne \u00e7\u0131kan bozukluklar\u0131 tariz, kinaye ve h\u00fcsn-i ta&#8217;lil kullanarak vurgulayarak \u00e7\u00f6z\u00fcm\u00fcn bir par\u00e7as\u0131 olmay\u0131 arzu ediyoruz. Yak\u0131n zamanda \u00fcniversite s\u0131nav\u0131na girenleriniz anlam\u0131\u015ft\u0131r.<\/p>\n<p>Levent K\u0131r\u0131ca Usta&#8217;n\u0131n dedi\u011fi gibi biraz g\u00fcld\u00fcr\u00fcrken biraz d\u00fc\u015f\u00fcnd\u00fcrmeye \u00e7al\u0131\u015f\u0131yoruz. Malum, T\u00fcrk milleti ciddi yaz\u0131lan \u015feyleri pek okumaya merakl\u0131 de\u011fil.<\/p>\n<p><strong>Tariz<\/strong> bir ki\u015fiyi i\u011fneleme, bir konuyla alay etme veya s\u00f6z\u00fcn tam tersini kastetmedir. \u00d6rnek: <em>Halk\u0131 h\u0131zl\u0131 bilgilendirmek misyonu ile gazeler ara\u015ft\u0131rma yapmay\u0131 beklemeden duyumlar\u0131n\u0131 yay\u0131nlar.<\/em><\/p>\n<p><strong>H\u00fcsn-i Ta&#8217;lil<\/strong> sebebi bilinen bir olay\u0131n meydana geli\u015fini, ger\u00e7ek sebebinin d\u0131\u015f\u0131nda ba\u015fka, g\u00fczel bir nedene ba\u011flamad\u0131r. \u00d6rnek: <em>T\u00fcrk turizm alanlar\u0131n\u0131n korunmas\u0131 i\u00e7in 2017 y\u0131l\u0131nda h\u00fck\u00fcmet turizm faliyetlerini yava\u015flatan bir d\u0131\u015f politika izliyor.<\/em><\/p>\n<p><strong>Kinaye<\/strong> bir s\u00f6z\u00fc hem ger\u00e7ek hem de mecaz anlamda kullanmakt\u0131r. \u00d6rnek:\u00a0<em>Hamama giren terler.<\/em><\/p>\n","protected":false},"excerpt":{"rendered":"<p>Ba\u015f\u0131ndan s\u00f6yleyelim. \u0130lahi Alanya bir mizah yay\u0131n kanal\u0131d\u0131r. Buradaki yaz\u0131lar ger\u00e7ek olay ve ki\u015filerden ilham alsa da hi\u00e7biri ger\u00e7ek de\u011fildir. Amac\u0131m\u0131z\u00a0kimseyi k\u0131rmak de\u011fil. Bilakis g\u00fczel beldemizde icra edilen ticari faliyetlerde ve \u015fehirin g\u00fcnl\u00fck hayat\u0131nda \u00f6ne \u00e7\u0131kan bozukluklar\u0131 tariz, kinaye ve h\u00fcsn-i ta&#8217;lil kullanarak vurgulayarak \u00e7\u00f6z\u00fcm\u00fcn bir par\u00e7as\u0131 olmay\u0131 arzu ediyoruz. Yak\u0131n zamanda \u00fcniversite s\u0131nav\u0131na girenleriniz&hellip;&nbsp;<a href=\"https:\/\/www.ilahialanya.com\/index.php\/hakkimizda\/\" class=\"\" rel=\"bookmark\">Daha fazlas\u0131n\u0131 oku &raquo;<span class=\"screen-reader-text\">Hakk\u0131m\u0131zda<\/span><\/a><\/p>\n","protected":false},"author":3,"featured_media":101,"parent":0,"menu_order":0,"comment_status":"closed","ping_status":"closed","template":"","meta":{"_mi_skip_tracking":false,"neve_meta_sidebar":"","neve_meta_container":"","neve_meta_enable_content_width":"","neve_meta_content_width":0,"neve_meta_title_alignment":"","neve_meta_author_avatar":"","neve_post_elements_order":"","neve_meta_disable_header":"","neve_meta_disable_footer":"","neve_meta_disable_title":"","_themeisle_gutenberg_block_has_review":false},"_links":{"self":[{"href":"https:\/\/www.ilahialanya.com\/index.php\/wp-json\/wp\/v2\/pages\/18"}],"collection":[{"href":"https:\/\/www.ilahialanya.com\/index.php\/wp-json\/wp\/v2\/pages"}],"about":[{"href":"https:\/\/www.ilahialanya.com\/index.php\/wp-json\/wp\/v2\/types\/page"}],"author":[{"embeddable":true,"href":"https:\/\/www.ilahialanya.com\/index.php\/wp-json\/wp\/v2\/users\/3"}],"replies":[{"embeddable":true,"href":"https:\/\/www.ilahialanya.com\/index.php\/wp-json\/wp\/v2\/comments?post=18"}],"version-history":[{"count":6,"href":"https:\/\/www.ilahialanya.com\/index.php\/wp-json\/wp\/v2\/pages\/18\/revisions"}],"predecessor-version":[{"id":442,"href":"https:\/\/www.ilahialanya.com\/index.php\/wp-json\/wp\/v2\/pages\/18\/revisions\/442"}],"wp:featuredmedia":[{"embeddable":true,"href":"https:\/\/www.ilahialanya.com\/index.php\/wp-json\/wp\/v2\/media\/101"}],"wp:attachment":[{"href":"https:\/\/www.ilahialanya.com\/index.php\/wp-json\/wp\/v2\/media?parent=18"}],"curies":[{"name":"wp","href":"https:\/\/api.w.org\/{rel}","templated":true}]}}